{"id":258,"date":"2025-01-31T18:24:11","date_gmt":"2025-01-31T17:24:11","guid":{"rendered":"https:\/\/detective-investigation.eu\/?page_id=258"},"modified":"2026-01-24T10:58:19","modified_gmt":"2026-01-24T09:58:19","slug":"agence-de-detective-prive-a-valenciennes","status":"publish","type":"page","link":"https:\/\/detective-investigation.eu\/index.php\/agence-de-detective-prive-a-valenciennes\/","title":{"rendered":"Valenciennes &#8211; Cambrai &#8211; Douai &#8211; Avesnes \/ Helpe"},"content":{"rendered":"\n<h2 class=\"wp-block-heading\"><mark style=\"background-color:rgba(0, 0, 0, 0)\" class=\"has-inline-color has-vivid-cyan-blue-color\"><strong>Tausend Berg est une agence d\u00e9tective de premier plan qui propose des conseils fiables dans les affaires professionnelles et priv\u00e9es.<\/strong><\/mark><\/h2>\n\n\n\n<p>Chez Tausend Berg, nous mettons l&rsquo;accent sur une approche novatrice en mati\u00e8re d&rsquo;investigation, tout en nous assurant que nos strat\u00e9gies d&rsquo;enqu\u00eate correspondent aux besoins et aux priorit\u00e9s de nos clients. Nous sommes sp\u00e9cialis\u00e9s dans un large \u00e9ventail d&rsquo;affaires, y compris les affaires civiles, le droit du travail, le droit de la famille, le droit social, le droit commercial &#8230;  Agence de premier plan reconnue pour ses investigations.<\/p>\n\n\n\n<p><strong>Les enqu\u00eates ne se limitent pas \u00e0 l&rsquo;obtention de faits. Notre cabinet se d\u00e9marque par son int\u00e9grit\u00e9, sa confidentialit\u00e9 et sa r\u00e9activit\u00e9, ces valeurs sont essentielles pour nous.<\/strong> <strong>Nous prenons soin de chaque d\u00e9tail. Nous examinons les d\u00e9tails et en d\u00e9duisons la signification.<\/strong><\/p>\n\n\n\n<p><strong>Notre position et notre engagement envers le travail traduisent nos valeurs.<\/strong><\/p>\n\n\n\n<p><strong><mark style=\"background-color:rgba(0, 0, 0, 0)\" class=\"has-inline-color has-vivid-red-color\">Ce qui nous diff\u00e9rencie<\/mark><\/strong> <\/p>\n\n\n\n<p><strong>Nous croyons fermement que nos enqu\u00eates doivent toujours se d\u00e9rouler dans le strict respect du cadre l\u00e9gal. Nous nous engageons \u00e0 respecter les normes professionnelles et \u00e9thiques les plus \u00e9lev\u00e9es. Ce qui nous diff\u00e9rencie, r\u00e9side dans notre approche, la qualit\u00e9 de notre travail et notre bilan, que ce soit pour les missions que nous acceptons ou pour celles que nous refusons. Nous ne faisons jamais de compromis avec nos exigences, ni avec notre int\u00e9grit\u00e9.<\/strong><\/p>\n\n\n<div class=\"wp-block-image\">\n<figure class=\"aligncenter size-large is-resized\"><img loading=\"lazy\" decoding=\"async\" width=\"1024\" height=\"666\" src=\"https:\/\/detective-investigation.eu\/wp-content\/uploads\/2025\/04\/TELEPHONE-1024x666.jpg\" alt=\"\" class=\"wp-image-737\" style=\"width:703px;height:auto\" srcset=\"https:\/\/detective-investigation.eu\/wp-content\/uploads\/2025\/04\/TELEPHONE-1024x666.jpg 1024w, https:\/\/detective-investigation.eu\/wp-content\/uploads\/2025\/04\/TELEPHONE-300x195.jpg 300w, https:\/\/detective-investigation.eu\/wp-content\/uploads\/2025\/04\/TELEPHONE-768x499.jpg 768w, https:\/\/detective-investigation.eu\/wp-content\/uploads\/2025\/04\/TELEPHONE-1536x998.jpg 1536w, https:\/\/detective-investigation.eu\/wp-content\/uploads\/2025\/04\/TELEPHONE.jpg 1600w\" sizes=\"auto, (max-width: 1024px) 100vw, 1024px\" \/><\/figure>\n<\/div>\n\n\n<p class=\"has-text-align-center\"><strong>Qu&rsquo;est-ce qui justifie de faire appel \u00e0 un D\u00e9tective Priv\u00e9 \u00e0 Valenciennes ?<\/strong><\/p>\n\n\n\n<p>Faire appel \u00e0 un d\u00e9tective priv\u00e9 \u00e0 Valenciennes peut \u00eatre justifi\u00e9 par une multitude de raisons, tant personnelles que professionnelles. Voici les principales situations o\u00f9 leur expertise est pr\u00e9cieuse :<\/p>\n\n\n\n<p><strong>Raisons personnelles<\/strong><\/p>\n\n\n\n<ul class=\"wp-block-list\">\n<li><strong>Surveillance de conjoint<\/strong> : En cas de soup\u00e7ons d\u2019infid\u00e9lit\u00e9, un d\u00e9tective peut recueillir des preuves discr\u00e8tes et l\u00e9gales.<\/li>\n\n\n\n<li><strong>Proc\u00e9dures de divorce<\/strong> : Pour prouver une faute ou obtenir une r\u00e9vision de pension alimentaire ou de garde d\u2019enfants.<\/li>\n\n\n\n<li><strong>Recherche de personnes disparues<\/strong> : Retrouver un proche perdu de vue ou un h\u00e9ritier dans une succession.<\/li>\n\n\n\n<li><strong>Protection des enfants<\/strong> : V\u00e9rification des conditions de garde ou du comportement d\u2019un parent.<\/li>\n<\/ul>\n\n\n\n<p><strong>Raisons professionnelles <\/strong><\/p>\n\n\n\n<ul class=\"wp-block-list\">\n<li><strong>Fraude interne ou externe<\/strong> : D\u00e9tection de vols, d\u00e9tournements ou absences abusives dans une entreprise.<\/li>\n\n\n\n<li><strong>Concurrence d\u00e9loyale<\/strong> : Surveillance d\u2019un salari\u00e9 en arr\u00eat maladie exer\u00e7ant une autre activit\u00e9.<\/li>\n\n\n\n<li><strong>Espionnage industriel<\/strong> : Protection des secrets commerciaux et de la propri\u00e9t\u00e9 intellectuelle.<\/li>\n\n\n\n<li><strong>V\u00e9rification d\u2019ant\u00e9c\u00e9dents<\/strong> : Enqu\u00eates sur des partenaires ou employ\u00e9s avant embauche.<\/li>\n<\/ul>\n\n\n\n<p><strong>Cadre l\u00e9gal et d\u00e9ontologique<\/strong><\/p>\n\n\n\n<p>Nos d\u00e9tectives priv\u00e9s sont <strong>agr\u00e9\u00e9s par le CNAPS<\/strong>, sous tutelle du Minist\u00e8re de l\u2019Int\u00e9rieur. <\/p>\n\n\n\n<p><strong>Notre agence de d\u00e9tective est pr\u00e9sente \u00e0 Valenciennes <\/strong>et dans sa r\u00e9gion afin de r\u00e9pondre \u00e0 vos besoins. Nous proposons des solutions adapt\u00e9es en mati\u00e8re d\u2019enqu\u00eates <\/p>\n\n\n\n<p><strong>Nos forces r\u00e9sident dans notre proximit\u00e9 avec nos clients, notre r\u00e9activit\u00e9 face aux demandes, et notre recherche constante de l\u2019excellence. Notre organisation agile nous permet de mobiliser rapidement toutes nos ressources pour r\u00e9pondre efficacement \u00e0 vos besoins.<\/strong><\/p>\n\n\n\n<div class=\"wp-block-columns is-layout-flex wp-container-core-columns-is-layout-9d6595d7 wp-block-columns-is-layout-flex\">\n<div class=\"wp-block-column is-layout-flow wp-block-column-is-layout-flow\"><div class=\"wp-block-image\">\n<figure class=\"alignright size-full is-resized\"><img loading=\"lazy\" decoding=\"async\" width=\"600\" height=\"600\" src=\"https:\/\/detective-investigation.eu\/wp-content\/uploads\/2025\/02\/Particulier.jpg\" alt=\"\" class=\"wp-image-660\" style=\"width:240px;height:auto\" srcset=\"https:\/\/detective-investigation.eu\/wp-content\/uploads\/2025\/02\/Particulier.jpg 600w, https:\/\/detective-investigation.eu\/wp-content\/uploads\/2025\/02\/Particulier-300x300.jpg 300w, https:\/\/detective-investigation.eu\/wp-content\/uploads\/2025\/02\/Particulier-150x150.jpg 150w\" sizes=\"auto, (max-width: 600px) 100vw, 600px\" \/><\/figure>\n<\/div><\/div>\n\n\n\n<div class=\"wp-block-column is-layout-flow wp-block-column-is-layout-flow\">\n<figure class=\"wp-block-image size-full is-resized\"><img loading=\"lazy\" decoding=\"async\" width=\"600\" height=\"600\" src=\"https:\/\/detective-investigation.eu\/wp-content\/uploads\/2024\/12\/Entreprise-collectivite-1.jpg\" alt=\"\" class=\"wp-image-37\" style=\"width:247px;height:auto\" srcset=\"https:\/\/detective-investigation.eu\/wp-content\/uploads\/2024\/12\/Entreprise-collectivite-1.jpg 600w, https:\/\/detective-investigation.eu\/wp-content\/uploads\/2024\/12\/Entreprise-collectivite-1-300x300.jpg 300w, https:\/\/detective-investigation.eu\/wp-content\/uploads\/2024\/12\/Entreprise-collectivite-1-150x150.jpg 150w\" sizes=\"auto, (max-width: 600px) 100vw, 600px\" \/><\/figure>\n<\/div>\n<\/div>\n\n\n\n<p><\/p>\n\n\n\n<h6 class=\"wp-block-heading\">Le droit constant reconna\u00eet la l\u00e9galit\u00e9 de nos interventions et la validit\u00e9 de nos rapports. <strong>Vous devez trouver des r\u00e9ponses \u00e0 vos questions.&nbsp;Dans le domaine civil nous intervenons non seulement afin que vous obteniez des r\u00e9ponses, mais aussi afin d\u2019\u00e9viter les lourdes cons\u00e9quences d\u2019une proc\u00e9dure judiciaire. En tant que justiciable, c\u2019est \u00e0 vous d\u2019apporter la preuve de vos pr\u00e9tentions.<\/strong><\/h6>\n\n\n\n<p><strong>Nos interventions s\u2019effectuent en toute l\u00e9gitimit\u00e9.<\/strong> Le Code de la S\u00e9curit\u00e9 Int\u00e9rieure nous conf\u00e8re le droit d\u2019enqu\u00eater sans faire \u00e9tat de nos qualit\u00e9s ni r\u00e9v\u00e9ler l\u2019objet de notre mission.&nbsp;La Jurisprudence estime que les \u00e9l\u00e9ments recueillis par les constatations effectu\u00e9es par un d\u00e9tective priv\u00e9 sont admissibles en justice selon les m\u00eames modalit\u00e9s et sous les seules m\u00eames r\u00e9serves que tout autre mode de preuve.&nbsp;L\u2019autorisation d\u2019exercice ne conf\u00e8re aucune pr\u00e9rogative de puissance publique \u00e0 l\u2019entreprise ou aux personnes qui en&nbsp;&nbsp;&nbsp;b\u00e9n\u00e9ficient (ArticleL612-<\/p>\n\n\n","protected":false},"excerpt":{"rendered":"<p>Tausend Berg est une agence d\u00e9tective de premier plan qui propose des conseils fiables dans les affaires professionnelles et priv\u00e9es. Chez Tausend Berg, nous mettons l&rsquo;accent sur une approche novatrice&hellip; <\/p>\n","protected":false},"author":1,"featured_media":0,"parent":0,"menu_order":0,"comment_status":"closed","ping_status":"closed","template":"","meta":{"footnotes":"[]"},"class_list":["post-258","page","type-page","status-publish","hentry"],"_links":{"self":[{"href":"https:\/\/detective-investigation.eu\/index.php\/wp-json\/wp\/v2\/pages\/258","targetHints":{"allow":["GET"]}}],"collection":[{"href":"https:\/\/detective-investigation.eu\/index.php\/wp-json\/wp\/v2\/pages"}],"about":[{"href":"https:\/\/detective-investigation.eu\/index.php\/wp-json\/wp\/v2\/types\/page"}],"author":[{"embeddable":true,"href":"https:\/\/detective-investigation.eu\/index.php\/wp-json\/wp\/v2\/users\/1"}],"replies":[{"embeddable":true,"href":"https:\/\/detective-investigation.eu\/index.php\/wp-json\/wp\/v2\/comments?post=258"}],"version-history":[{"count":27,"href":"https:\/\/detective-investigation.eu\/index.php\/wp-json\/wp\/v2\/pages\/258\/revisions"}],"predecessor-version":[{"id":1188,"href":"https:\/\/detective-investigation.eu\/index.php\/wp-json\/wp\/v2\/pages\/258\/revisions\/1188"}],"wp:attachment":[{"href":"https:\/\/detective-investigation.eu\/index.php\/wp-json\/wp\/v2\/media?parent=258"}],"curies":[{"name":"wp","href":"https:\/\/api.w.org\/{rel}","templated":true}]}}