{"id":282,"date":"2025-02-03T17:38:00","date_gmt":"2025-02-03T16:38:00","guid":{"rendered":"https:\/\/detective-investigation.eu\/?page_id=282"},"modified":"2025-02-18T20:09:49","modified_gmt":"2025-02-18T19:09:49","slug":"notre-presence","status":"publish","type":"page","link":"https:\/\/detective-investigation.eu\/index.php\/notre-presence\/","title":{"rendered":"Notre Engagement"},"content":{"rendered":"\n<div class=\"wp-block-group alignfull has-background\" style=\"background-color:#f2f0e9\"><div class=\"wp-block-group__inner-container is-layout-flow wp-block-group-is-layout-flow\">\n<div style=\"height:70px\" aria-hidden=\"true\" class=\"wp-block-spacer\"><\/div>\n\n\n\n<div class=\"wp-block-columns alignwide is-layout-flex wp-container-core-columns-is-layout-9d6595d7 wp-block-columns-is-layout-flex\">\n<div class=\"wp-block-column is-layout-flow wp-block-column-is-layout-flow\"><div class=\"wp-block-image\">\n<figure class=\"aligncenter size-full is-resized\"><img loading=\"lazy\" decoding=\"async\" width=\"318\" height=\"198\" src=\"https:\/\/detective-investigation.eu\/wp-content\/uploads\/2024\/12\/24.jpg\" alt=\"\" class=\"wp-image-137\" style=\"width:387px;height:auto\" srcset=\"https:\/\/detective-investigation.eu\/wp-content\/uploads\/2024\/12\/24.jpg 318w, https:\/\/detective-investigation.eu\/wp-content\/uploads\/2024\/12\/24-300x187.jpg 300w\" sizes=\"auto, (max-width: 318px) 100vw, 318px\" \/><\/figure>\n<\/div><\/div>\n\n\n\n<div class=\"wp-block-column is-layout-flow wp-block-column-is-layout-flow\">\n<p>Nos clients sont au c\u0153ur de notre d\u00e9marche, c&rsquo;est pourquoi notre agence de d\u00e9tective priv\u00e9 les met au centre de ses pr\u00e9occupations. Dans un monde o\u00f9 les choix sont multiples, nous nous distinguons par notre approche centr\u00e9e sur des solutions adapt\u00e9es et efficaces. Nous croyons fermement qu&rsquo;il est essentiel de r\u00e9pondre aux besoins sp\u00e9cifiques de chaque client sans les inciter \u00e0 des d\u00e9penses superflues.<\/p>\n<\/div>\n<\/div>\n\n\n\n<div style=\"height:40px\" aria-hidden=\"true\" class=\"wp-block-spacer\"><\/div>\n\n\n\n<div class=\"wp-block-columns is-layout-flex wp-container-core-columns-is-layout-9d6595d7 wp-block-columns-is-layout-flex\">\n<div class=\"wp-block-column is-layout-flow wp-block-column-is-layout-flow\">\n<p><strong>Une Intervention au C\u0153ur des R\u00e9gions.<\/strong><\/p>\n\n\n\n<p>Depuis notre cr\u00e9ation, nous avons fait le choix strat\u00e9gique d&rsquo;intervenir dans plusieurs villes et r\u00e9gions de France. Cette d\u00e9marche nous permet de mieux r\u00e9pondre aux besoins de nos clients. Ces diff\u00e9rentes r\u00e9gions nous permette de tisser des partenariats avec des acteurs locaux. Ces collaborations enrichissent notre offre et renforcent notre ancrage dans le tissu \u00e9conomique local, tout en favorisant l&rsquo;innovation et le partage de bonnes pratiques.<\/p>\n\n\n\n<p><\/p>\n<\/div>\n\n\n\n<div class=\"wp-block-column is-layout-flow wp-block-column-is-layout-flow\"><div class=\"wp-block-image\">\n<figure class=\"aligncenter size-large is-resized\"><img loading=\"lazy\" decoding=\"async\" width=\"1024\" height=\"683\" src=\"https:\/\/detective-investigation.eu\/wp-content\/uploads\/2024\/12\/16-1024x683.jpg\" alt=\"\" class=\"wp-image-102\" style=\"width:352px;height:auto\" srcset=\"https:\/\/detective-investigation.eu\/wp-content\/uploads\/2024\/12\/16-1024x683.jpg 1024w, https:\/\/detective-investigation.eu\/wp-content\/uploads\/2024\/12\/16-300x200.jpg 300w, https:\/\/detective-investigation.eu\/wp-content\/uploads\/2024\/12\/16-768x512.jpg 768w, https:\/\/detective-investigation.eu\/wp-content\/uploads\/2024\/12\/16-1536x1024.jpg 1536w, https:\/\/detective-investigation.eu\/wp-content\/uploads\/2024\/12\/16.jpg 1687w\" sizes=\"auto, (max-width: 1024px) 100vw, 1024px\" \/><\/figure>\n<\/div>\n\n\n<p><strong>Une Strat\u00e9gie de Proximit\u00e9<\/strong><\/p>\n\n\n\n<p>Notre pr\u00e9sence ou notre intervention se fait dans des m\u00e9tropoles, telles que <strong><a href=\"https:\/\/detective-investigation.eu\/index.php\/agence-de-detective-prive-a-valenciennes\/\" data-type=\"page\" data-id=\"258\">Valenciennes<\/a>, <a href=\"https:\/\/detective-investigation.eu\/index.php\/amiens\/\" data-type=\"page\" data-id=\"316\">Amiens<\/a><\/strong>, Lille, Beauvais, Metz, Strasbourg, <strong><a href=\"https:\/\/detective-investigation.eu\/index.php\/grand-est-51\/\" data-type=\"page\" data-id=\"343\">Reims<\/a><\/strong>, mais \u00e9galement dans des villes comme Saint Quentin, P\u00e9ronne, Roye, Cambrai, Douai, <a href=\"https:\/\/detective-investigation.eu\/index.php\/arras\/\" data-type=\"page\" data-id=\"328\"><strong>Arras<\/strong><\/a>, Lens, Calais, Boulogne sur mer, Compi\u00e8gne, etc. &nbsp;Chaque site a \u00e9t\u00e9 choisi en tenant compte des sp\u00e9cificit\u00e9s \u00e9conomiques, afin de garantir une service personnalis\u00e9 et adapt\u00e9.<\/p>\n<\/div>\n<\/div>\n<\/div><\/div>\n\n\n\n<p><\/p>\n\n\n\n<div class=\"wp-block-group alignfull has-background-color has-white-color has-black-background-color has-text-color has-background has-link-color wp-elements-9fbd7691ce7c2e42cf4a4c9c46699f77 is-vertical is-content-justification-stretch is-layout-flex wp-container-core-group-is-layout-47eb2bc5 wp-block-group-is-layout-flex\" style=\"min-height:40vh;margin-top:0;margin-bottom:0;padding-top:var(--wp--preset--spacing--60);padding-right:var(--wp--preset--spacing--40);padding-bottom:var(--wp--preset--spacing--60);padding-left:var(--wp--preset--spacing--40)\">\n<div class=\"wp-block-columns alignwide has-small-font-size is-layout-flex wp-container-core-columns-is-layout-9d6595d7 wp-block-columns-is-layout-flex\">\n<div class=\"wp-block-column is-layout-flow wp-block-column-is-layout-flow\">\n<p class=\"has-text-align-left\">Adresse du si\u00e8ge<\/p>\n\n\n\n<p>5 av du s\u00e9nateur Girard 59300 Valenciennes<\/p>\n\n\n\n<div style=\"height:24px\" aria-hidden=\"true\" class=\"wp-block-spacer\"><\/div>\n<\/div>\n\n\n\n<div class=\"wp-block-column is-layout-flow wp-block-column-is-layout-flow\">\n<p class=\"has-text-align-center\">Communications<\/p>\n\n\n\n<p class=\"has-text-align-center\">T\u00e9l: 0365 889 720<\/p>\n\n\n\n<p class=\"has-text-align-center\">contact-information@tausend-berg.com<\/p>\n\n\n\n<div style=\"height:24px\" aria-hidden=\"true\" class=\"wp-block-spacer\"><\/div>\n<\/div>\n\n\n\n<div class=\"wp-block-column is-layout-flow wp-block-column-is-layout-flow\">\n<p class=\"has-text-align-center\"><a href=\"https:\/\/detective-investigation.eu\/index.php\/mentions-legales\/?customize_changeset_uuid=4492b00e-8094-4a19-a286-214d4d653889&amp;customize_messenger_channel=preview-0\">Mentions l\u00e9gales<\/a><\/p>\n\n\n\n<p class=\"has-text-align-center\">Autorisation d\u2019exercer<\/p>\n\n\n\n<p class=\"has-text-align-center\">N\u00b0 AUT -N1-2024-12\u201330-A-00163398<\/p>\n<\/div>\n<\/div>\n<\/div>\n","protected":false},"excerpt":{"rendered":"<p>Nos clients sont au c\u0153ur de notre d\u00e9marche, c&rsquo;est pourquoi notre agence de d\u00e9tective priv\u00e9 les met au centre de ses pr\u00e9occupations. Dans un monde o\u00f9 les choix sont multiples,&hellip; <\/p>\n","protected":false},"author":1,"featured_media":0,"parent":0,"menu_order":0,"comment_status":"closed","ping_status":"closed","template":"","meta":{"footnotes":""},"class_list":["post-282","page","type-page","status-publish","hentry"],"_links":{"self":[{"href":"https:\/\/detective-investigation.eu\/index.php\/wp-json\/wp\/v2\/pages\/282","targetHints":{"allow":["GET"]}}],"collection":[{"href":"https:\/\/detective-investigation.eu\/index.php\/wp-json\/wp\/v2\/pages"}],"about":[{"href":"https:\/\/detective-investigation.eu\/index.php\/wp-json\/wp\/v2\/types\/page"}],"author":[{"embeddable":true,"href":"https:\/\/detective-investigation.eu\/index.php\/wp-json\/wp\/v2\/users\/1"}],"replies":[{"embeddable":true,"href":"https:\/\/detective-investigation.eu\/index.php\/wp-json\/wp\/v2\/comments?post=282"}],"version-history":[{"count":12,"href":"https:\/\/detective-investigation.eu\/index.php\/wp-json\/wp\/v2\/pages\/282\/revisions"}],"predecessor-version":[{"id":393,"href":"https:\/\/detective-investigation.eu\/index.php\/wp-json\/wp\/v2\/pages\/282\/revisions\/393"}],"wp:attachment":[{"href":"https:\/\/detective-investigation.eu\/index.php\/wp-json\/wp\/v2\/media?parent=282"}],"curies":[{"name":"wp","href":"https:\/\/api.w.org\/{rel}","templated":true}]}}