{"id":316,"date":"2025-02-07T08:38:07","date_gmt":"2025-02-07T07:38:07","guid":{"rendered":"https:\/\/detective-investigation.eu\/?page_id=316"},"modified":"2025-07-17T14:35:40","modified_gmt":"2025-07-17T12:35:40","slug":"amiens","status":"publish","type":"page","link":"https:\/\/detective-investigation.eu\/index.php\/amiens\/","title":{"rendered":"Amiens"},"content":{"rendered":"<div class=\"wp-block-image is-style-default\">\n<figure class=\"aligncenter size-large\"><img loading=\"lazy\" decoding=\"async\" width=\"1024\" height=\"439\" src=\"https:\/\/detective-investigation.eu\/wp-content\/uploads\/2025\/02\/bd2-1-1024x439.jpg\" alt=\"\" class=\"wp-image-312\" srcset=\"https:\/\/detective-investigation.eu\/wp-content\/uploads\/2025\/02\/bd2-1-1024x439.jpg 1024w, https:\/\/detective-investigation.eu\/wp-content\/uploads\/2025\/02\/bd2-1-300x129.jpg 300w, https:\/\/detective-investigation.eu\/wp-content\/uploads\/2025\/02\/bd2-1-768x329.jpg 768w, https:\/\/detective-investigation.eu\/wp-content\/uploads\/2025\/02\/bd2-1.jpg 1400w\" sizes=\"auto, (max-width: 1024px) 100vw, 1024px\" \/><\/figure>\n<\/div>\n\n\n<p><strong>Qu\u2019est-ce qui justifie de faire appel \u00e0 un D\u00e9tective Priv\u00e9 \u00e0 Amiens ?<\/strong><\/p>\n\n\n\n<p>Faire appel \u00e0 un d\u00e9tective priv\u00e9 \u00e0 Amiens peut \u00eatre justifi\u00e9 par une multitude de raisons, tant personnelles que professionnelles. Voici les principales situations o\u00f9 leur expertise est pr\u00e9cieuse :<\/p>\n\n\n\n<p><strong>Raisons personnelles<\/strong><\/p>\n\n\n\n<ul class=\"wp-block-list\">\n<li><strong>Surveillance de conjoint<\/strong>\u00a0: En cas de soup\u00e7ons d\u2019infid\u00e9lit\u00e9, un d\u00e9tective peut recueillir des preuves discr\u00e8tes et l\u00e9gales.<\/li>\n\n\n\n<li><strong>Proc\u00e9dures de divorce<\/strong>\u00a0: Pour prouver une faute ou obtenir une r\u00e9vision de pension alimentaire ou de garde d\u2019enfants.<\/li>\n\n\n\n<li><strong>Recherche de personnes disparues<\/strong>\u00a0: Retrouver un proche perdu de vue ou un h\u00e9ritier dans une succession.<\/li>\n\n\n\n<li><strong>Protection des enfants<\/strong>\u00a0: V\u00e9rification des conditions de garde ou du comportement d\u2019un parent.<\/li>\n<\/ul>\n\n\n\n<p><strong>Raisons professionnelles<\/strong><\/p>\n\n\n\n<ul class=\"wp-block-list\">\n<li><strong>Fraude interne ou externe<\/strong>\u00a0: D\u00e9tection de vols, d\u00e9tournements ou absences abusives dans une entreprise.<\/li>\n\n\n\n<li><strong>Concurrence d\u00e9loyale<\/strong>\u00a0: Surveillance d\u2019un salari\u00e9 en arr\u00eat maladie exer\u00e7ant une autre activit\u00e9.<\/li>\n\n\n\n<li><strong>Espionnage industriel<\/strong>\u00a0: Protection des secrets commerciaux et de la propri\u00e9t\u00e9 intellectuelle.<\/li>\n\n\n\n<li><strong>V\u00e9rification d\u2019ant\u00e9c\u00e9dents<\/strong>\u00a0: Enqu\u00eates sur des partenaires ou employ\u00e9s avant embauche.<\/li>\n<\/ul>\n\n\n\n<p><strong>Cadre l\u00e9gal et d\u00e9ontologique<\/strong><\/p>\n\n\n\n<p>Nos d\u00e9tectives priv\u00e9s sont&nbsp;<strong>agr\u00e9\u00e9s par le CNAPS<\/strong>, sous tutelle du Minist\u00e8re de l\u2019Int\u00e9rieur.<\/p>\n\n\n\n<p><strong>Notre agence de d\u00e9tective est pr\u00e9sente \u00e0 Amiens\u00a0<\/strong>et dans sa r\u00e9gion afin de r\u00e9pondre \u00e0 vos besoins. Nous proposons des solutions adapt\u00e9es en mati\u00e8re d\u2019enqu\u00eates<\/p>\n\n\n\n<p><strong>Nos forces r\u00e9sident dans notre proximit\u00e9 avec nos clients, notre r\u00e9activit\u00e9 face aux demandes, et notre recherche constante de l\u2019excellence. Notre organisation agile nous permet de mobiliser rapidement toutes nos ressources pour r\u00e9pondre efficacement \u00e0 vos besoins.<\/strong><\/p>\n\n\n\n<div class=\"wp-block-columns is-layout-flex wp-container-core-columns-is-layout-9d6595d7 wp-block-columns-is-layout-flex\">\n<div class=\"wp-block-column is-layout-flow wp-block-column-is-layout-flow\">\n<figure class=\"wp-block-image size-full\"><img loading=\"lazy\" decoding=\"async\" width=\"600\" height=\"600\" src=\"https:\/\/detective-investigation.eu\/wp-content\/uploads\/2025\/02\/Particulier.jpg\" alt=\"\" class=\"wp-image-660\" srcset=\"https:\/\/detective-investigation.eu\/wp-content\/uploads\/2025\/02\/Particulier.jpg 600w, https:\/\/detective-investigation.eu\/wp-content\/uploads\/2025\/02\/Particulier-300x300.jpg 300w, https:\/\/detective-investigation.eu\/wp-content\/uploads\/2025\/02\/Particulier-150x150.jpg 150w\" sizes=\"auto, (max-width: 600px) 100vw, 600px\" \/><\/figure>\n<\/div>\n\n\n\n<div class=\"wp-block-column is-layout-flow wp-block-column-is-layout-flow\">\n<figure class=\"wp-block-image size-large\"><img loading=\"lazy\" decoding=\"async\" width=\"1024\" height=\"1024\" src=\"https:\/\/detective-investigation.eu\/wp-content\/uploads\/2025\/06\/2-1024x1024.jpeg\" alt=\"\" class=\"wp-image-773\" srcset=\"https:\/\/detective-investigation.eu\/wp-content\/uploads\/2025\/06\/2-1024x1024.jpeg 1024w, https:\/\/detective-investigation.eu\/wp-content\/uploads\/2025\/06\/2-300x300.jpeg 300w, https:\/\/detective-investigation.eu\/wp-content\/uploads\/2025\/06\/2-150x150.jpeg 150w, https:\/\/detective-investigation.eu\/wp-content\/uploads\/2025\/06\/2-768x768.jpeg 768w, https:\/\/detective-investigation.eu\/wp-content\/uploads\/2025\/06\/2-1536x1536.jpeg 1536w, https:\/\/detective-investigation.eu\/wp-content\/uploads\/2025\/06\/2-2048x2048.jpeg 2048w\" sizes=\"auto, (max-width: 1024px) 100vw, 1024px\" \/><\/figure>\n<\/div>\n\n\n\n<div class=\"wp-block-column is-layout-flow wp-block-column-is-layout-flow\">\n<figure class=\"wp-block-image size-full\"><img loading=\"lazy\" decoding=\"async\" width=\"600\" height=\"600\" src=\"https:\/\/detective-investigation.eu\/wp-content\/uploads\/2024\/12\/Entreprise-collectivite-1.jpg\" alt=\"\" class=\"wp-image-37\" srcset=\"https:\/\/detective-investigation.eu\/wp-content\/uploads\/2024\/12\/Entreprise-collectivite-1.jpg 600w, https:\/\/detective-investigation.eu\/wp-content\/uploads\/2024\/12\/Entreprise-collectivite-1-300x300.jpg 300w, https:\/\/detective-investigation.eu\/wp-content\/uploads\/2024\/12\/Entreprise-collectivite-1-150x150.jpg 150w\" sizes=\"auto, (max-width: 600px) 100vw, 600px\" \/><\/figure>\n<\/div>\n<\/div>\n\n\n\n<h6 class=\"wp-block-heading\">Le droit constant reconna\u00eet la l\u00e9galit\u00e9 de nos interventions et la validit\u00e9 de nos rapports.&nbsp;<strong>Vous devez trouver des r\u00e9ponses \u00e0 vos questions.&nbsp;Dans le domaine civil nous intervenons non seulement afin que vous obteniez des r\u00e9ponses, mais aussi afin d\u2019\u00e9viter les lourdes cons\u00e9quences d\u2019une proc\u00e9dure judiciaire. En tant que justiciable, c\u2019est \u00e0 vous d\u2019apporter la preuve de vos pr\u00e9tentions.<\/strong><\/h6>\n\n\n\n<p><strong>Nos interventions s\u2019effectuent en toute l\u00e9gitimit\u00e9.<\/strong>&nbsp;Le Code de la S\u00e9curit\u00e9 Int\u00e9rieure nous conf\u00e8re le droit d\u2019enqu\u00eater sans faire \u00e9tat de nos qualit\u00e9s ni r\u00e9v\u00e9ler l\u2019objet de notre mission.&nbsp;La Jurisprudence estime que les \u00e9l\u00e9ments recueillis par les constatations effectu\u00e9es par un d\u00e9tective priv\u00e9 sont admissibles en justice selon les m\u00eames modalit\u00e9s et sous les seules m\u00eames r\u00e9serves que tout autre mode de preuve.&nbsp;L\u2019autorisation d\u2019exercice ne conf\u00e8re aucune pr\u00e9rogative de puissance publique \u00e0 l\u2019entreprise ou aux personnes qui en&nbsp;&nbsp;&nbsp;b\u00e9n\u00e9ficient (ArticleL612-<\/p>\n","protected":false},"excerpt":{"rendered":"<p>Qu\u2019est-ce qui justifie de faire appel \u00e0 un D\u00e9tective Priv\u00e9 \u00e0 Amiens ? Faire appel \u00e0 un d\u00e9tective priv\u00e9 \u00e0 Amiens peut \u00eatre justifi\u00e9 par une multitude de raisons, tant&hellip; <\/p>\n","protected":false},"author":1,"featured_media":0,"parent":0,"menu_order":0,"comment_status":"closed","ping_status":"closed","template":"","meta":{"footnotes":""},"class_list":["post-316","page","type-page","status-publish","hentry"],"_links":{"self":[{"href":"https:\/\/detective-investigation.eu\/index.php\/wp-json\/wp\/v2\/pages\/316","targetHints":{"allow":["GET"]}}],"collection":[{"href":"https:\/\/detective-investigation.eu\/index.php\/wp-json\/wp\/v2\/pages"}],"about":[{"href":"https:\/\/detective-investigation.eu\/index.php\/wp-json\/wp\/v2\/types\/page"}],"author":[{"embeddable":true,"href":"https:\/\/detective-investigation.eu\/index.php\/wp-json\/wp\/v2\/users\/1"}],"replies":[{"embeddable":true,"href":"https:\/\/detective-investigation.eu\/index.php\/wp-json\/wp\/v2\/comments?post=316"}],"version-history":[{"count":8,"href":"https:\/\/detective-investigation.eu\/index.php\/wp-json\/wp\/v2\/pages\/316\/revisions"}],"predecessor-version":[{"id":904,"href":"https:\/\/detective-investigation.eu\/index.php\/wp-json\/wp\/v2\/pages\/316\/revisions\/904"}],"wp:attachment":[{"href":"https:\/\/detective-investigation.eu\/index.php\/wp-json\/wp\/v2\/media?parent=316"}],"curies":[{"name":"wp","href":"https:\/\/api.w.org\/{rel}","templated":true}]}}