{"id":343,"date":"2025-02-11T09:37:45","date_gmt":"2025-02-11T08:37:45","guid":{"rendered":"https:\/\/detective-investigation.eu\/?page_id=343"},"modified":"2025-03-01T18:19:13","modified_gmt":"2025-03-01T17:19:13","slug":"grand-est-51","status":"publish","type":"page","link":"https:\/\/detective-investigation.eu\/index.php\/grand-est-51\/","title":{"rendered":"Grand Est -08-10-51-52-54-57-67-68-88"},"content":{"rendered":"\n<figure class=\"wp-block-image alignwide size-large\"><img loading=\"lazy\" decoding=\"async\" width=\"1024\" height=\"439\" src=\"https:\/\/detective-investigation.eu\/wp-content\/uploads\/2025\/02\/bd2-1-1024x439.jpg\" alt=\"\" class=\"wp-image-312\" srcset=\"https:\/\/detective-investigation.eu\/wp-content\/uploads\/2025\/02\/bd2-1-1024x439.jpg 1024w, https:\/\/detective-investigation.eu\/wp-content\/uploads\/2025\/02\/bd2-1-300x129.jpg 300w, https:\/\/detective-investigation.eu\/wp-content\/uploads\/2025\/02\/bd2-1-768x329.jpg 768w, https:\/\/detective-investigation.eu\/wp-content\/uploads\/2025\/02\/bd2-1.jpg 1400w\" sizes=\"auto, (max-width: 1024px) 100vw, 1024px\" \/><\/figure>\n\n\n\n<div class=\"wp-block-group alignfull has-background\" style=\"background-color:#f5eac1;padding-top:6vw;padding-right:6vw;padding-bottom:6vw;padding-left:6vw\"><div class=\"wp-block-group__inner-container is-layout-flow wp-block-group-is-layout-flow\">\n<div class=\"wp-block-group alignwide is-vertical is-nowrap is-layout-flex wp-container-core-group-is-layout-8171334d wp-block-group-is-layout-flex\" style=\"padding-top:0;padding-right:0;padding-bottom:0;padding-left:0\">\n<p><\/p>\n\n\n\n<div class=\"wp-block-columns alignwide is-layout-flex wp-container-core-columns-is-layout-724a882f wp-block-columns-is-layout-flex\">\n<div class=\"wp-block-column is-vertically-aligned-center is-layout-flow wp-block-column-is-layout-flow\" style=\"flex-basis:69%\"><div class=\"wp-block-image\">\n<figure class=\"alignleft size-large is-resized\"><img loading=\"lazy\" decoding=\"async\" width=\"1024\" height=\"683\" src=\"https:\/\/detective-investigation.eu\/wp-content\/uploads\/2025\/02\/AdobeStock_225829087-1024x683.jpeg\" alt=\"\" class=\"wp-image-345\" style=\"width:481px;height:auto\" srcset=\"https:\/\/detective-investigation.eu\/wp-content\/uploads\/2025\/02\/AdobeStock_225829087-1024x683.jpeg 1024w, https:\/\/detective-investigation.eu\/wp-content\/uploads\/2025\/02\/AdobeStock_225829087-300x200.jpeg 300w, https:\/\/detective-investigation.eu\/wp-content\/uploads\/2025\/02\/AdobeStock_225829087-768x513.jpeg 768w, https:\/\/detective-investigation.eu\/wp-content\/uploads\/2025\/02\/AdobeStock_225829087-1536x1025.jpeg 1536w, https:\/\/detective-investigation.eu\/wp-content\/uploads\/2025\/02\/AdobeStock_225829087-2048x1367.jpeg 2048w\" sizes=\"auto, (max-width: 1024px) 100vw, 1024px\" \/><\/figure>\n<\/div><\/div>\n\n\n\n<div class=\"wp-block-column is-vertically-aligned-center is-layout-flow wp-block-column-is-layout-flow\" style=\"flex-basis:33%\">\n<div style=\"height:2vw\" aria-hidden=\"true\" class=\"wp-block-spacer\"><\/div>\n\n\n\n<p class=\"has-text-color\" style=\"color:#000000;font-size:17px\">Notre agence de d\u00e9tective est pr\u00e9sente dans le grand Est et sa r\u00e9gion afin de r\u00e9pondre aux besoins des entreprises, des collectivit\u00e9s et des particuliers. Nous proposons des solutions adapt\u00e9es \u00e0 vos besoins en mati\u00e8re d\u2019enqu\u00eates. Vous pouvez faire appel \u00e0 nous pour diverses raisons, telles que la recherche de personnes disparues, le suivi de la solvabilit\u00e9 d\u2019un tiers, recherche d\u2019adult\u00e8re, garde d\u2019enfant, la v\u00e9rification d\u2019informations, arr\u00eats maladie, travail clandestin et dissimul\u00e9, d\u00e9chets sauvages, actes de vandalisme, d\u00e9tournements au sein des d\u00e9ch\u00e8teries, et plus encore.<\/p>\n<\/div>\n<\/div>\n<\/div>\n\n\n\n<div class=\"wp-block-columns are-vertically-aligned-center is-layout-flex wp-container-core-columns-is-layout-9d6595d7 wp-block-columns-is-layout-flex\">\n<div class=\"wp-block-column is-layout-flow wp-block-column-is-layout-flow\">\n<hr class=\"wp-block-separator has-alpha-channel-opacity\"\/>\n<\/div>\n\n\n\n<div class=\"wp-block-column is-layout-flow wp-block-column-is-layout-flow\">\n<hr class=\"wp-block-separator has-alpha-channel-opacity\"\/>\n<\/div>\n<\/div>\n\n\n\n<div class=\"wp-block-columns is-layout-flex wp-container-core-columns-is-layout-9d6595d7 wp-block-columns-is-layout-flex\">\n<div class=\"wp-block-column is-layout-flow wp-block-column-is-layout-flow\"><div class=\"wp-block-image\">\n<figure class=\"alignleft size-full\"><img loading=\"lazy\" decoding=\"async\" width=\"600\" height=\"600\" src=\"https:\/\/detective-investigation.eu\/wp-content\/uploads\/2024\/12\/Entreprise-collectivite-1.jpg\" alt=\"\" class=\"wp-image-37\" srcset=\"https:\/\/detective-investigation.eu\/wp-content\/uploads\/2024\/12\/Entreprise-collectivite-1.jpg 600w, https:\/\/detective-investigation.eu\/wp-content\/uploads\/2024\/12\/Entreprise-collectivite-1-300x300.jpg 300w, https:\/\/detective-investigation.eu\/wp-content\/uploads\/2024\/12\/Entreprise-collectivite-1-150x150.jpg 150w\" sizes=\"auto, (max-width: 600px) 100vw, 600px\" \/><\/figure>\n<\/div><\/div>\n\n\n\n<div class=\"wp-block-column is-layout-flow wp-block-column-is-layout-flow\">\n<p><\/p>\n\n\n\n<p><\/p>\n\n\n\n<p>Nos forces r\u00e9sident dans notre proximit\u00e9 avec nos clients, notre r\u00e9activit\u00e9 face aux demandes, et notre recherche constante de l\u2019excellence. Notre organisation agile nous permet de mobiliser rapidement toutes nos ressources pour r\u00e9pondre efficacement \u00e0 vos besoins.<\/p>\n<\/div>\n\n\n\n<div class=\"wp-block-column is-vertically-aligned-center is-layout-flow wp-block-column-is-layout-flow\"><div class=\"wp-block-image\">\n<figure class=\"alignright size-full\"><img loading=\"lazy\" decoding=\"async\" width=\"600\" height=\"600\" src=\"https:\/\/detective-investigation.eu\/wp-content\/uploads\/2024\/12\/Particulier.jpg\" alt=\"\" class=\"wp-image-36\" srcset=\"https:\/\/detective-investigation.eu\/wp-content\/uploads\/2024\/12\/Particulier.jpg 600w, https:\/\/detective-investigation.eu\/wp-content\/uploads\/2024\/12\/Particulier-300x300.jpg 300w, https:\/\/detective-investigation.eu\/wp-content\/uploads\/2024\/12\/Particulier-150x150.jpg 150w\" sizes=\"auto, (max-width: 600px) 100vw, 600px\" \/><\/figure>\n<\/div><\/div>\n<\/div>\n<\/div><\/div>\n\n\n\n<p><\/p>\n","protected":false},"excerpt":{"rendered":"<p>Notre agence de d\u00e9tective est pr\u00e9sente dans le grand Est et sa r\u00e9gion afin de r\u00e9pondre aux besoins des entreprises, des collectivit\u00e9s et des particuliers. Nous proposons des solutions adapt\u00e9es&hellip; <\/p>\n","protected":false},"author":1,"featured_media":0,"parent":0,"menu_order":0,"comment_status":"closed","ping_status":"closed","template":"","meta":{"footnotes":""},"class_list":["post-343","page","type-page","status-publish","hentry"],"_links":{"self":[{"href":"https:\/\/detective-investigation.eu\/index.php\/wp-json\/wp\/v2\/pages\/343","targetHints":{"allow":["GET"]}}],"collection":[{"href":"https:\/\/detective-investigation.eu\/index.php\/wp-json\/wp\/v2\/pages"}],"about":[{"href":"https:\/\/detective-investigation.eu\/index.php\/wp-json\/wp\/v2\/types\/page"}],"author":[{"embeddable":true,"href":"https:\/\/detective-investigation.eu\/index.php\/wp-json\/wp\/v2\/users\/1"}],"replies":[{"embeddable":true,"href":"https:\/\/detective-investigation.eu\/index.php\/wp-json\/wp\/v2\/comments?post=343"}],"version-history":[{"count":16,"href":"https:\/\/detective-investigation.eu\/index.php\/wp-json\/wp\/v2\/pages\/343\/revisions"}],"predecessor-version":[{"id":524,"href":"https:\/\/detective-investigation.eu\/index.php\/wp-json\/wp\/v2\/pages\/343\/revisions\/524"}],"wp:attachment":[{"href":"https:\/\/detective-investigation.eu\/index.php\/wp-json\/wp\/v2\/media?parent=343"}],"curies":[{"name":"wp","href":"https:\/\/api.w.org\/{rel}","templated":true}]}}